{"id":1220,"date":"2021-09-07T16:49:58","date_gmt":"2021-09-07T13:49:58","guid":{"rendered":"https:\/\/vikibody.de\/?page_id=1220"},"modified":"2025-11-20T00:40:19","modified_gmt":"2025-11-19T23:40:19","slug":"politique-de-confidentialite","status":"publish","type":"page","link":"https:\/\/kitorm.com\/it\/politique-de-confidentialite\/","title":{"rendered":"Informativa sulla Privacy"},"content":{"rendered":"<p data-start=\"161\" data-end=\"252\" class=\"translation-block\"><strong data-start=\"446\" data-end=\"456\">Kitorm<\/strong><br data-start=\"456\" data-end=\"459\">Via degli Artigiani, 30, Suite 7000<br data-start=\"648\" data-end=\"651\">20100 Milano, Italia<br data-start=\"512\" data-end=\"515\">E-mail : <strong data-start=\"524\" data-end=\"546\"><a class=\"decorated-link cursor-pointer\" rel=\"noopener\" data-start=\"526\" data-end=\"544\" target=\"_self\">support@kitorm.com\n<\/a><\/strong><\/p>\n<p data-start=\"254\" data-end=\"605\" class=\"translation-block\">Presso <strong data-start=\"259\" data-end=\"269\">Kitorm<\/strong>, attribuiamo un\u2019importanza fondamentale alla protezione dei vostri dati personali. La presente Informativa sulla Privacy spiega come raccogliamo, utilizziamo, proteggiamo e condividiamo le vostre informazioni quando utilizzate il nostro sito <strong data-start=\"513\" data-end=\"527\">kitorm.com<\/strong>. \u00c8 conforme al Regolamento Generale sulla Protezione dei Dati (RGPD).<\/p>\n<hr data-start=\"607\" data-end=\"610\" \/>\n<h2 data-start=\"612\" data-end=\"640\"><strong data-start=\"615\" data-end=\"640\">1. Dati Raccolti<\/strong><\/h2>\n<p data-start=\"642\" data-end=\"728\">Raccogliamo le seguenti informazioni quando interagite con il nostro sito:<\/p>\n<ul data-start=\"730\" data-end=\"1326\">\n<li data-start=\"730\" data-end=\"898\">\n<p data-start=\"732\" data-end=\"898\" class=\"translation-block\"><strong data-start=\"732\" data-end=\"758\">Dati personali :<\/strong> nome, indirizzo, e-mail, numero di telefono, forniti durante la creazione dell\u2019account, un ordine o un contatto con il servizio clienti.<\/p>\n<\/li>\n<li data-start=\"899\" data-end=\"1053\">\n<p data-start=\"901\" data-end=\"1053\" class=\"translation-block\"><strong data-start=\"901\" data-end=\"926\">Dati di pagamento :<\/strong> informazioni di pagamento trattate tramite piattaforme sicure di terze parti. <strong data-start=\"1001\" data-end=\"1051\">Kitorm non conserva mai i vostri dati bancari.<\/strong><\/p>\n<\/li>\n<li data-start=\"1054\" data-end=\"1190\">\n<p data-start=\"1056\" data-end=\"1190\" class=\"translation-block\"><strong data-start=\"1056\" data-end=\"1083\">Dati di navigazione :<\/strong> indirizzo IP, tipo di browser, pagine consultate, raccolti tramite cookie o tecnologie simili.<\/p>\n<\/li>\n<li data-start=\"1191\" data-end=\"1326\">\n<p data-start=\"1193\" data-end=\"1326\" class=\"translation-block\"><strong data-start=\"1193\" data-end=\"1219\">Dati facoltativi :<\/strong> informazioni fornite volontariamente, come recensioni sui prodotti o risposte a questionari.<\/p>\n<\/li>\n<\/ul>\n<hr data-start=\"1328\" data-end=\"1331\" \/>\n<h2 data-start=\"1333\" data-end=\"1366\"><strong data-start=\"1336\" data-end=\"1366\">2. Finalit\u00e0 della Raccolta<\/strong><\/h2>\n<p data-start=\"1368\" data-end=\"1401\">Utilizziamo i vostri dati per:<\/p>\n<ul data-start=\"1403\" data-end=\"1759\">\n<li data-start=\"1403\" data-end=\"1441\">\n<p data-start=\"1405\" data-end=\"1441\">Trattare ed evadere i vostri ordini.<\/p>\n<\/li>\n<li data-start=\"1442\" data-end=\"1472\">\n<p data-start=\"1444\" data-end=\"1472\">Gestire il vostro account cliente.<\/p>\n<\/li>\n<li data-start=\"1473\" data-end=\"1523\">\n<p data-start=\"1475\" data-end=\"1523\">Rispondere alle vostre richieste tramite il servizio clienti.<\/p>\n<\/li>\n<li data-start=\"1524\" data-end=\"1609\">\n<p data-start=\"1526\" data-end=\"1609\">Migliorare il nostro sito e i nostri servizi grazie all\u2019analisi dei dati di navigazione.<\/p>\n<\/li>\n<li data-start=\"1610\" data-end=\"1677\">\n<p data-start=\"1612\" data-end=\"1677\">Inviare comunicazioni di marketing (con il vostro consenso).<\/p>\n<\/li>\n<li data-start=\"1678\" data-end=\"1759\">\n<p data-start=\"1680\" data-end=\"1759\">Rispettare i nostri obblighi legali (fatturazione, prevenzione delle frodi, ecc.).<\/p>\n<\/li>\n<\/ul>\n<hr data-start=\"1761\" data-end=\"1764\" \/>\n<h2 data-start=\"1766\" data-end=\"1787\"><strong data-start=\"1769\" data-end=\"1787\">3. Base Giuridica<\/strong><\/h2>\n<p data-start=\"1789\" data-end=\"1830\">Il trattamento dei vostri dati si basa su:<\/p>\n<ul data-start=\"1832\" data-end=\"2141\">\n<li data-start=\"1832\" data-end=\"1905\">\n<p data-start=\"1834\" data-end=\"1905\" class=\"translation-block\"><strong data-start=\"1834\" data-end=\"1862\">L\u2019esecuzione di un contratto<\/strong> : necessaria per elaborare i vostri ordini.<\/p>\n<\/li>\n<li data-start=\"1906\" data-end=\"1986\">\n<p data-start=\"1908\" data-end=\"1986\" class=\"translation-block\"><strong data-start=\"1908\" data-end=\"1927\">Il consenso<\/strong> : per le comunicazioni di marketing o per alcuni cookie.<\/p>\n<\/li>\n<li data-start=\"1987\" data-end=\"2067\">\n<p data-start=\"1989\" data-end=\"2067\" class=\"translation-block\"><strong data-start=\"1989\" data-end=\"2012\">L\u2019obbligo legale<\/strong> : obblighi contabili o prevenzione delle frodi.<\/p>\n<\/li>\n<li data-start=\"2068\" data-end=\"2141\">\n<p data-start=\"2070\" data-end=\"2141\" class=\"translation-block\"><strong data-start=\"2070\" data-end=\"2092\">L\u2019interesse legittimo<\/strong> : miglioramento dei servizi e sicurezza del sito.<\/p>\n<\/li>\n<\/ul>\n<hr data-start=\"2143\" data-end=\"2146\" \/>\n<h2 data-start=\"2148\" data-end=\"2177\"><strong data-start=\"2151\" data-end=\"2177\">4. Condivisione dei Dati<\/strong><\/h2>\n<p data-start=\"2179\" data-end=\"2224\">Condividiamo i vostri dati solo con:<\/p>\n<ul data-start=\"2226\" data-end=\"2452\">\n<li data-start=\"2226\" data-end=\"2375\">\n<p data-start=\"2228\" data-end=\"2375\" class=\"translation-block\"><strong data-start=\"2228\" data-end=\"2260\">I nostri fornitori di servizi<\/strong> : corrieri, piattaforme di pagamento sicure, strumenti di analisi (sotto rigidi accordi di riservatezza).<\/p>\n<\/li>\n<li data-start=\"2376\" data-end=\"2452\">\n<p data-start=\"2378\" data-end=\"2452\" class=\"translation-block\"><strong data-start=\"2378\" data-end=\"2403\">Le autorit\u00e0 legali<\/strong> : se richiesto dalla legge o per proteggere i nostri diritti.<\/p>\n<\/li>\n<\/ul>\n<p data-start=\"2454\" data-end=\"2529\" class=\"translation-block\"><strong data-start=\"2454\" data-end=\"2492\">I vostri dati non vengono mai venduti<\/strong> a terzi per scopi commerciali.<\/p>\n<hr data-start=\"2531\" data-end=\"2534\" \/>\n<h2 data-start=\"2536\" data-end=\"2571\"><strong data-start=\"2539\" data-end=\"2571\">5. Trasferimenti Internazionali<\/strong><\/h2>\n<p data-start=\"2573\" data-end=\"2752\">Se i vostri dati vengono trasferiti al di fuori dell\u2019Unione Europea (ad es. fornitori situati all\u2019estero), ne garantiamo la protezione tramite clausole contrattuali conformi al RGPD.<\/p>\n<hr data-start=\"2754\" data-end=\"2757\" \/>\n<h2 data-start=\"2759\" data-end=\"2777\"><strong data-start=\"2762\" data-end=\"2777\">6. Sicurezza<\/strong><\/h2>\n<p data-start=\"2779\" data-end=\"2884\">Adottiamo misure tecniche e organizzative per proteggere i vostri dati, in particolare:<\/p>\n<ul data-start=\"2886\" data-end=\"3050\">\n<li data-start=\"2886\" data-end=\"2936\">\n<p data-start=\"2888\" data-end=\"2936\">Crittografia dei dati durante le transazioni.<\/p>\n<\/li>\n<li data-start=\"2937\" data-end=\"3008\">\n<p data-start=\"2939\" data-end=\"3008\">Accesso limitato e strettamente controllato alle informazioni personali.<\/p>\n<\/li>\n<li data-start=\"3009\" data-end=\"3050\">\n<p data-start=\"3011\" data-end=\"3050\">Monitoraggio regolare dei nostri sistemi.<\/p>\n<\/li>\n<\/ul>\n<p data-start=\"3052\" data-end=\"3167\">Poich\u00e9 nessun sistema \u00e8 infallibile, vi informeremo di qualsiasi violazione dei dati in conformit\u00e0 con i requisiti di legge.<\/p>\n<hr data-start=\"3169\" data-end=\"3172\" \/>\n<h2 data-start=\"3174\" data-end=\"3205\"><strong data-start=\"3177\" data-end=\"3205\">7. Durata di Conservazione<\/strong><\/h2>\n<p data-start=\"3207\" data-end=\"3272\">Conserviamo i vostri dati solo per il tempo necessario:<\/p>\n<ul data-start=\"3274\" data-end=\"3551\">\n<li data-start=\"3274\" data-end=\"3335\">\n<p data-start=\"3276\" data-end=\"3335\" class=\"translation-block\"><strong data-start=\"3276\" data-end=\"3301\">Dati degli ordini :<\/strong> 5 anni (obblighi contabili).<\/p>\n<\/li>\n<li data-start=\"3336\" data-end=\"3402\">\n<p data-start=\"3338\" data-end=\"3402\" class=\"translation-block\"><strong data-start=\"3338\" data-end=\"3357\">Account cliente :<\/strong> fino alla cancellazione oppure dopo 3 anni di inattivit\u00e0.<\/p>\n<\/li>\n<li data-start=\"3403\" data-end=\"3477\">\n<p data-start=\"3405\" data-end=\"3477\" class=\"translation-block\"><strong data-start=\"3405\" data-end=\"3420\">Marketing :<\/strong> fino alla disiscrizione oppure entro 3 anni dall\u2019ultimo contatto.<\/p>\n<\/li>\n<li data-start=\"3478\" data-end=\"3551\">\n<p data-start=\"3480\" data-end=\"3551\" class=\"translation-block\"><strong data-start=\"3480\" data-end=\"3493\">Cookie :<\/strong> in base alla loro durata di validit\u00e0 (vedere la Politica sui Cookie).<\/p>\n<\/li>\n<\/ul>\n<hr data-start=\"3553\" data-end=\"3556\" \/>\n<h2 data-start=\"3558\" data-end=\"3578\"><strong data-start=\"3561\" data-end=\"3578\">8. I Vostri Diritti<\/strong><\/h2>\n<p data-start=\"3580\" data-end=\"3637\">Conformemente al RGPD, disponete dei seguenti diritti:<\/p>\n<ul data-start=\"3639\" data-end=\"4106\">\n<li data-start=\"3639\" data-end=\"3698\">\n<p data-start=\"3641\" data-end=\"3698\" class=\"translation-block\"><strong data-start=\"3641\" data-end=\"3658\">Diritto di accesso<\/strong> : consultare i propri dati personali.<\/p>\n<\/li>\n<li data-start=\"3699\" data-end=\"3763\">\n<p data-start=\"3701\" data-end=\"3763\" class=\"translation-block\"><strong data-start=\"3701\" data-end=\"3727\">Diritto di rettifica<\/strong> : correggere dati inesatti.<\/p>\n<\/li>\n<li data-start=\"3764\" data-end=\"3876\">\n<p data-start=\"3766\" data-end=\"3876\" class=\"translation-block\"><strong data-start=\"3766\" data-end=\"3790\">Diritto alla cancellazione<\/strong> : richiedere l\u2019eliminazione dei propri dati (nel rispetto degli obblighi di legge).<\/p>\n<\/li>\n<li data-start=\"3877\" data-end=\"3955\">\n<p data-start=\"3879\" data-end=\"3955\" class=\"translation-block\"><strong data-start=\"3879\" data-end=\"3901\">Diritto di opposizione<\/strong> : rifiutare determinati trattamenti, come il marketing.<\/p>\n<\/li>\n<li data-start=\"3956\" data-end=\"4034\">\n<p data-start=\"3958\" data-end=\"4034\" class=\"translation-block\"><strong data-start=\"3958\" data-end=\"3984\">Diritto alla portabilit\u00e0<\/strong> : ottenere i propri dati in un formato strutturato.<\/p>\n<\/li>\n<li data-start=\"4035\" data-end=\"4106\">\n<p data-start=\"4037\" data-end=\"4106\" class=\"translation-block\"><strong data-start=\"4037\" data-end=\"4062\">Diritto alla limitazione<\/strong> : limitare l\u2019utilizzo dei propri dati.<\/p>\n<\/li>\n<\/ul>\n<p data-start=\"4108\" data-end=\"4231\" class=\"translation-block\">Per esercitare i vostri diritti, contattate <strong data-start=\"4143\" data-end=\"4165\"><a class=\"decorated-link cursor-pointer\" rel=\"noopener\" data-start=\"4145\" data-end=\"4163\" target=\"_self\">support@kitorm.com\n<\/a><\/strong> fornendo una prova d\u2019identit\u00e0.<br data-start=\"4193\" data-end=\"4196\">Vi risponderemo entro 30 giorni.<\/p>\n<hr data-start=\"4233\" data-end=\"4236\" \/>\n<h2 data-start=\"4238\" data-end=\"4255\"><strong data-start=\"4241\" data-end=\"4255\">9. Cookie<\/strong><\/h2>\n<p data-start=\"4257\" data-end=\"4294\">Il nostro sito utilizza cookie per:<\/p>\n<ul data-start=\"4296\" data-end=\"4484\">\n<li data-start=\"4296\" data-end=\"4359\">\n<p data-start=\"4298\" data-end=\"4359\">Garantire il corretto funzionamento del sito (cookie essenziali).<\/p>\n<\/li>\n<li data-start=\"4360\" data-end=\"4405\">\n<p data-start=\"4362\" data-end=\"4405\">Analizzare il traffico (cookie analitici).<\/p>\n<\/li>\n<li data-start=\"4406\" data-end=\"4484\">\n<p data-start=\"4408\" data-end=\"4484\">Personalizzare contenuti o pubblicit\u00e0 (cookie di marketing, con consenso).<\/p>\n<\/li>\n<\/ul>\n<p data-start=\"4486\" data-end=\"4672\" class=\"translation-block\">Potete gestire le vostre preferenze tramite il banner dei cookie o le impostazioni del vostro browser.<br data-start=\"4579\" data-end=\"4582\">Consultate la nostra Politica sui Cookie (se disponibile sul sito) per maggiori informazioni.<\/p>\n<hr data-start=\"4674\" data-end=\"4677\" \/>\n<h2 data-start=\"4679\" data-end=\"4704\"><strong data-start=\"4682\" data-end=\"4704\">10. Collegamenti Esterni<\/strong><\/h2>\n<p data-start=\"4706\" data-end=\"4894\">Il sito pu\u00f2 contenere collegamenti a siti di terzi. Non siamo responsabili delle loro pratiche in materia di privacy. Vi invitiamo a consultare le loro informative.<\/p>\n<hr data-start=\"4896\" data-end=\"4899\" \/>\n<h2 data-start=\"4901\" data-end=\"4925\"><strong data-start=\"4904\" data-end=\"4925\">11. Modifiche<\/strong><\/h2>\n<p data-start=\"4927\" data-end=\"5193\" class=\"translation-block\">Possiamo aggiornare la presente Informativa sulla Privacy per riflettere evoluzioni legali o tecniche.<br data-start=\"5040\" data-end=\"5043\">La versione pi\u00f9 recente sar\u00e0 sempre disponibile su kitorm.com.<br data-start=\"5110\" data-end=\"5113\">In caso di modifiche importanti, sarete informati via e-mail o notifica.<\/p>\n<hr data-start=\"5195\" data-end=\"5198\" \/>\n<h2 data-start=\"5200\" data-end=\"5218\"><strong data-start=\"5203\" data-end=\"5218\">12. Contatti<\/strong><\/h2>\n<p data-start=\"5220\" data-end=\"5301\">Per qualsiasi domanda, richiesta o reclamo riguardante i vostri dati personali:<\/p>\n<ul data-start=\"5303\" data-end=\"5404\">\n<li data-start=\"5303\" data-end=\"5338\">\n<p data-start=\"5305\" data-end=\"5338\" class=\"translation-block\">E-mail : <strong data-start=\"5314\" data-end=\"5336\"><a class=\"decorated-link cursor-pointer\" rel=\"noopener\" data-start=\"5316\" data-end=\"5334\" target=\"_self\">support@kitorm.com\n<\/a><\/strong><\/p>\n<\/li>\n<li data-start=\"5339\" data-end=\"5404\">\n<p data-start=\"5341\" data-end=\"5404\">Indirizzo : Kitorm, 865 Avery Isle, South Michel, NV 06531-0925<\/p>\n<\/li>\n<\/ul>\n<p data-start=\"5406\" data-end=\"5537\" class=\"translation-block\">Potete inoltre presentare un reclamo presso la <strong data-start=\"5461\" data-end=\"5469\">CNIL<\/strong> (<a class=\"decorated-link\" href=\"https:\/\/www.cnil.fr\" target=\"_new\" rel=\"noopener\" data-start=\"5471\" data-end=\"5482\">www.cnil.fr\n<\/a>) se ritenete che i vostri diritti non siano rispettati.<\/p>\n<hr data-start=\"5539\" data-end=\"5542\" \/>\n<p data-start=\"5544\" data-end=\"5601\" data-is-last-node=\"\" data-is-only-node=\"\"><strong data-start=\"5544\" data-end=\"5601\" data-is-last-node=\"\">Kitorm \u2013 Proteggere la vostra privacy, il nostro impegno.<\/strong><\/p>","protected":false},"excerpt":{"rendered":"<p>Kitorm30 Rue des Ateliers, Suite 7000 Lyon, 69003, FranceE-mail : support@kitorm.com Chez Kitorm, nous accordons une importance essentielle \u00e0 la protection de vos donn\u00e9es personnelles. Cette Politique de Confidentialit\u00e9 explique comment nous collectons, utilisons, prot\u00e9geons et partageons vos informations lorsque vous utilisez notre site kitorm.com. Elle est conforme au R\u00e8glement G\u00e9n\u00e9ral sur la Protection des [&hellip;]<\/p>","protected":false},"author":1,"featured_media":0,"parent":0,"menu_order":11,"comment_status":"closed","ping_status":"closed","template":"","meta":{"iawp_total_views":44,"footnotes":""},"class_list":["post-1220","page","type-page","status-publish","hentry"],"_links":{"self":[{"href":"https:\/\/kitorm.com\/it\/wp-json\/wp\/v2\/pages\/1220","targetHints":{"allow":["GET"]}}],"collection":[{"href":"https:\/\/kitorm.com\/it\/wp-json\/wp\/v2\/pages"}],"about":[{"href":"https:\/\/kitorm.com\/it\/wp-json\/wp\/v2\/types\/page"}],"author":[{"embeddable":true,"href":"https:\/\/kitorm.com\/it\/wp-json\/wp\/v2\/users\/1"}],"replies":[{"embeddable":true,"href":"https:\/\/kitorm.com\/it\/wp-json\/wp\/v2\/comments?post=1220"}],"version-history":[{"count":0,"href":"https:\/\/kitorm.com\/it\/wp-json\/wp\/v2\/pages\/1220\/revisions"}],"wp:attachment":[{"href":"https:\/\/kitorm.com\/it\/wp-json\/wp\/v2\/media?parent=1220"}],"curies":[{"name":"wp","href":"https:\/\/api.w.org\/{rel}","templated":true}]}}