{"id":1191,"date":"2021-09-07T16:38:10","date_gmt":"2021-09-07T13:38:10","guid":{"rendered":"https:\/\/vikibody.de\/?page_id=1191"},"modified":"2025-11-20T00:43:58","modified_gmt":"2025-11-19T23:43:58","slug":"politique-de-livraison","status":"publish","type":"page","link":"https:\/\/kitorm.com\/it\/politique-de-livraison\/","title":{"rendered":"Politica di Consegna"},"content":{"rendered":"<p data-start=\"210\" data-end=\"557\" class=\"translation-block\">Benvenuti presso <strong data-start=\"225\" data-end=\"235\">Kitorm<\/strong>, la vostra destinazione per prodotti unici e innovativi. Sappiamo che la consegna \u00e8 una fase essenziale della vostra esperienza di acquisto e facciamo tutto il possibile affinch\u00e9 sia rapida, affidabile e trasparente. Ecco tutti i dettagli della nostra politica di consegna per garantirvi la massima soddisfazione.<\/p>\n<hr data-start=\"559\" data-end=\"562\" \/>\n<h2 data-start=\"564\" data-end=\"594\"><strong data-start=\"567\" data-end=\"594\">Informazioni di Contatto<\/strong><\/h2>\n<p data-start=\"596\" data-end=\"696\" class=\"translation-block\"><strong data-start=\"604\" data-end=\"614\">Kitorm<\/strong><br data-start=\"614\" data-end=\"617\">Via degli Artigiani, 30, Suite 7000<br data-start=\"648\" data-end=\"651\">20100 Milano, Italia<br data-start=\"670\" data-end=\"673\">E-mail : <strong data-start=\"682\" data-end=\"704\"><a class=\"decorated-link cursor-pointer\" rel=\"noopener\" data-start=\"684\" data-end=\"702\" target=\"_self\">support@kitorm.com<\/a><\/strong><\/p>\n<p data-start=\"698\" data-end=\"834\">Per qualsiasi domanda o assistenza, il nostro team del servizio clienti \u00e8 disponibile per supportarvi. Non esitate a contattarci!<\/p>\n<hr data-start=\"836\" data-end=\"839\" \/>\n<h2 data-start=\"841\" data-end=\"884\"><strong data-start=\"844\" data-end=\"884\">Tempi di Elaborazione e Spedizione<\/strong><\/h2>\n<p data-start=\"886\" data-end=\"1106\" class=\"translation-block\">Presso Kitorm comprendiamo l\u2019importanza di ricevere rapidamente i vostri ordini.<br data-start=\"965\" data-end=\"968\">Ci impegniamo a <strong data-start=\"990\" data-end=\"1049\">elaborare e spedire tutti gli ordini entro 24 ore<\/strong> (giorni lavorativi, dal luned\u00ec al venerd\u00ec, esclusi i giorni festivi).<\/p>\n<p data-start=\"1108\" data-end=\"1267\" class=\"translation-block\">Una volta spedito l\u2019ordine, riceverete un\u2019e-mail di conferma contenente un <strong data-start=\"1195\" data-end=\"1214\">numero di tracciamento<\/strong> che vi permetter\u00e0 di seguire il vostro pacco in tempo reale.<\/p>\n<hr data-start=\"1269\" data-end=\"1272\" \/>\n<h2 data-start=\"1274\" data-end=\"1300\"><strong data-start=\"1277\" data-end=\"1300\">Tempi di Consegna<\/strong><\/h2>\n<p data-start=\"1302\" data-end=\"1419\" class=\"translation-block\">Dopo la spedizione, il tempo di consegna stimato \u00e8 tra <strong data-start=\"1359\" data-end=\"1383\">6 e 10 giorni lavorativi<\/strong> a seconda della vostra posizione in Europa.<\/p>\n<p data-start=\"1421\" data-end=\"1457\">Questo periodo pu\u00f2 variare in base a:<\/p>\n<ul data-start=\"1458\" data-end=\"1580\">\n<li data-start=\"1458\" data-end=\"1485\">\n<p data-start=\"1460\" data-end=\"1485\">paese di destinazione,<\/p>\n<\/li>\n<li data-start=\"1486\" data-end=\"1517\">\n<p data-start=\"1488\" data-end=\"1517\">condizioni logistiche,<\/p>\n<\/li>\n<li data-start=\"1518\" data-end=\"1580\">\n<p data-start=\"1520\" data-end=\"1580\">periodi di forte affluenza (es: festivit\u00e0 di fine anno).<\/p>\n<\/li>\n<\/ul>\n<p data-start=\"1582\" data-end=\"1709\">Collaboriamo solo con corrieri affidabili per garantire che il vostro pacco arrivi nelle migliori condizioni.<\/p>\n<hr data-start=\"1711\" data-end=\"1714\" \/>\n<h2 data-start=\"1716\" data-end=\"1740\"><strong data-start=\"1719\" data-end=\"1740\">Zona di Consegna<\/strong><\/h2>\n<p data-start=\"1742\" data-end=\"1779\" class=\"translation-block\">Consegniamo <strong data-start=\"1755\" data-end=\"1778\">in tutta Europa<\/strong>.<\/p>\n<p data-start=\"1781\" data-end=\"1944\">Che siate in Francia, Belgio, Germania, Spagna, Italia o in qualsiasi altro paese europeo, Kitorm garantisce la consegna direttamente all\u2019indirizzo da voi indicato.<\/p>\n<p data-start=\"1946\" data-end=\"2041\" class=\"translation-block\">Se avete dubbi sulla copertura della vostra zona, contattateci a <strong data-start=\"2018\" data-end=\"2040\"><a class=\"decorated-link cursor-pointer\" rel=\"noopener\" data-start=\"2020\" data-end=\"2038\" target=\"_self\">support@kitorm.com\n<\/a><\/strong>.<\/p>\n<hr data-start=\"2043\" data-end=\"2046\" \/>\n<h2 data-start=\"2048\" data-end=\"2078\"><strong data-start=\"2051\" data-end=\"2078\">Tracciamento del Vostro Ordine<\/strong><\/h2>\n<p data-start=\"2080\" data-end=\"2205\" class=\"translation-block\">Non appena il vostro ordine lascia il nostro magazzino, riceverete un\u2019e-mail con un <strong data-start=\"2157\" data-end=\"2174\">link di tracciamento<\/strong>.<br data-start=\"2175\" data-end=\"2178\">Questo link vi permetter\u00e0 di:<\/p>\n<ul data-start=\"2207\" data-end=\"2294\">\n<li data-start=\"2207\" data-end=\"2248\">\n<p data-start=\"2209\" data-end=\"2248\">seguire il percorso del vostro pacco,<\/p>\n<\/li>\n<li data-start=\"2249\" data-end=\"2294\">\n<p data-start=\"2251\" data-end=\"2294\">verificare lo stato della consegna in qualsiasi momento.<\/p>\n<\/li>\n<\/ul>\n<p data-start=\"2296\" data-end=\"2352\">Se non ricevete questa e-mail entro 48 ore:<\/p>\n<ul data-start=\"2353\" data-end=\"2422\">\n<li data-start=\"2353\" data-end=\"2385\">\n<p data-start=\"2355\" data-end=\"2385\">controllate la cartella spam,<\/p>\n<\/li>\n<li data-start=\"2386\" data-end=\"2422\">\n<p data-start=\"2388\" data-end=\"2422\">oppure contattateci per assistenza.<\/p>\n<\/li>\n<\/ul>\n<hr data-start=\"2424\" data-end=\"2427\" \/>\n<h2 data-start=\"2429\" data-end=\"2460\"><strong data-start=\"2432\" data-end=\"2460\">I Nostri Impegni \u2013 Kitorm<\/strong><\/h2>\n<p data-start=\"2462\" data-end=\"2653\">\u2714 <strong data-start=\"2464\" data-end=\"2476\">Rapidit\u00e9<\/strong> : Exp\u00e9dition sous 24 heures.<br data-start=\"2505\" data-end=\"2508\" \/>\u2714 <strong data-start=\"2510\" data-end=\"2523\">Fiabilit\u00e9<\/strong> : Transporteurs s\u00e9lectionn\u00e9s pour leur s\u00e9rieux.<br data-start=\"2571\" data-end=\"2574\" \/>\u2714 <strong data-start=\"2576\" data-end=\"2592\">Transparence<\/strong> : Suivi en temps r\u00e9el pour une tranquillit\u00e9 d\u2019esprit totale.<\/p>\n<hr data-start=\"2655\" data-end=\"2658\" \/>\n<h2 data-start=\"2660\" data-end=\"2699\"><strong data-start=\"2663\" data-end=\"2699\">Problemi con la Consegna?<\/strong><\/h2>\n<p data-start=\"2701\" data-end=\"2721\">Se il vostro pacco \u00e8:<\/p>\n<ul data-start=\"2723\" data-end=\"2764\">\n<li data-start=\"2723\" data-end=\"2737\">\n<p data-start=\"2725\" data-end=\"2737\">in ritardo,<\/p>\n<\/li>\n<li data-start=\"2738\" data-end=\"2752\">\n<p data-start=\"2740\" data-end=\"2752\">danneggiato,<\/p>\n<\/li>\n<li data-start=\"2753\" data-end=\"2764\">\n<p data-start=\"2755\" data-end=\"2764\">o smarrito,<\/p>\n<\/li>\n<\/ul>\n<p data-start=\"2766\" data-end=\"2850\" class=\"translation-block\">contattateci immediatamente a <strong data-start=\"2797\" data-end=\"2819\"><a class=\"decorated-link cursor-pointer\" rel=\"noopener\" data-start=\"2799\" data-end=\"2817\" target=\"_self\">support@kitorm.com\n<\/a><\/strong> fornendo il numero del vostro ordine.<\/p>\n<p data-start=\"2852\" data-end=\"3001\" class=\"translation-block\">Lavoreremo a una soluzione rapida: reinvio, rimborso o qualsiasi altra alternativa adatta.<br data-start=\"2952\" data-end=\"2955\">La vostra soddisfazione \u00e8 la nostra priorit\u00e0 assoluta.<\/p>\n<hr data-start=\"3003\" data-end=\"3006\" \/>\n<h2 data-start=\"3008\" data-end=\"3036\"><strong data-start=\"3011\" data-end=\"3036\">Note Importanti<\/strong><\/h2>\n<ul data-start=\"3038\" data-end=\"3401\">\n<li data-start=\"3038\" data-end=\"3168\">\n<p data-start=\"3040\" data-end=\"3168\" class=\"translation-block\">I tempi indicati sono <strong data-start=\"3065\" data-end=\"3079\">stimativi<\/strong> e possono variare in caso di circostanze eccezionali (maltempo, scioperi, ecc.).<\/p>\n<\/li>\n<li data-start=\"3169\" data-end=\"3329\">\n<p data-start=\"3171\" data-end=\"3329\" class=\"translation-block\">Assicuratevi che il vostro <strong data-start=\"3194\" data-end=\"3243\">indirizzo di consegna sia corretto e completo<\/strong>. Kitorm non pu\u00f2 essere ritenuta responsabile per errori nell\u2019indirizzo fornito dal cliente.<\/p>\n<\/li>\n<li data-start=\"3330\" data-end=\"3401\">\n<p data-start=\"3332\" data-end=\"3401\">Les <strong data-start=\"3336\" data-end=\"3352\">I <strong data-start=\"3336\" data-end=\"3352\">giorni lavorativi<\/strong> escludono i weekend e i giorni festivi francesi.<\/strong> excluent les week-ends et jours f\u00e9ri\u00e9s fran\u00e7ais.<\/p>\n<\/li>\n<\/ul>\n<hr data-start=\"3403\" data-end=\"3406\" \/>\n<p data-start=\"3408\" data-end=\"3632\" class=\"translation-block\">Grazie per aver scelto <strong data-start=\"3435\" data-end=\"3445\">Kitorm<\/strong>. Non vediamo l\u2019ora di consegnarvi i vostri prodotti e offrirvi un\u2019esperienza d\u2019acquisto impeccabile.<br data-start=\"3553\" data-end=\"3556\">Per qualsiasi domanda o esigenza particolare, il nostro team rimane disponibile a:<\/p>\n<p data-start=\"3634\" data-end=\"3659\">\ud83d\udce7 <strong data-start=\"3637\" data-end=\"3659\"><a class=\"decorated-link cursor-pointer\" rel=\"noopener\" data-start=\"3639\" data-end=\"3657\">support@kitorm.com<\/a><\/strong><\/p>\n<hr data-start=\"3661\" data-end=\"3664\" \/>\n<p data-start=\"3666\" data-end=\"3715\"><strong data-start=\"3666\" data-end=\"3715\">Kitorm \u2013 Consegna con cura, in tutta Europa!<\/strong><\/p>","protected":false},"excerpt":{"rendered":"<p>Bienvenue chez Kitorm, votre destination pour des produits uniques et innovants. Nous savons que la livraison est une \u00e9tape essentielle de votre exp\u00e9rience d\u2019achat, et nous mettons tout en \u0153uvre pour qu\u2019elle soit rapide, fiable et transparente. Voici tous les d\u00e9tails de notre politique de livraison pour vous garantir une satisfaction totale. Informations de Contact [&hellip;]<\/p>","protected":false},"author":1,"featured_media":0,"parent":0,"menu_order":3,"comment_status":"closed","ping_status":"closed","template":"","meta":{"iawp_total_views":120,"footnotes":""},"class_list":["post-1191","page","type-page","status-publish","hentry"],"_links":{"self":[{"href":"https:\/\/kitorm.com\/it\/wp-json\/wp\/v2\/pages\/1191","targetHints":{"allow":["GET"]}}],"collection":[{"href":"https:\/\/kitorm.com\/it\/wp-json\/wp\/v2\/pages"}],"about":[{"href":"https:\/\/kitorm.com\/it\/wp-json\/wp\/v2\/types\/page"}],"author":[{"embeddable":true,"href":"https:\/\/kitorm.com\/it\/wp-json\/wp\/v2\/users\/1"}],"replies":[{"embeddable":true,"href":"https:\/\/kitorm.com\/it\/wp-json\/wp\/v2\/comments?post=1191"}],"version-history":[{"count":0,"href":"https:\/\/kitorm.com\/it\/wp-json\/wp\/v2\/pages\/1191\/revisions"}],"wp:attachment":[{"href":"https:\/\/kitorm.com\/it\/wp-json\/wp\/v2\/media?parent=1191"}],"curies":[{"name":"wp","href":"https:\/\/api.w.org\/{rel}","templated":true}]}}