{"id":55983,"date":"2025-11-20T00:36:24","date_gmt":"2025-11-19T23:36:24","guid":{"rendered":"https:\/\/kitorm.com\/?page_id=55983"},"modified":"2025-12-05T12:54:29","modified_gmt":"2025-12-05T11:54:29","slug":"mentions-legales","status":"publish","type":"page","link":"https:\/\/kitorm.com\/es\/mentions-legales\/","title":{"rendered":"Aviso Legal"},"content":{"rendered":"<p data-start=\"107\" data-end=\"207\" class=\"translation-block\"><strong data-start=\"604\" data-end=\"614\">Kitorm<\/strong><br data-start=\"614\" data-end=\"617\">Calle de los Talleres, 30, Planta 7<br data-start=\"648\" data-end=\"651\">28013 Madrid, Espa\u00f1a<br data-start=\"670\" data-end=\"673\">E-mail : <strong data-start=\"682\" data-end=\"704\"><a class=\"decorated-link cursor-pointer\" rel=\"noopener\" data-start=\"684\" data-end=\"702\" target=\"_self\">support@kitorm.com<\/a><\/strong><\/p>\n<p data-start=\"209\" data-end=\"371\">Estas menciones legales se redactan de conformidad con las obligaciones legales aplicables a los sitios de comercio electr\u00f3nico en Francia y en la Uni\u00f3n Europea.<\/p>\n<hr data-start=\"373\" data-end=\"376\" \/>\n<h2 data-start=\"378\" data-end=\"403\"><strong data-start=\"381\" data-end=\"403\">1. Editor del Sitio<\/strong><\/h2>\n<p data-start=\"405\" data-end=\"546\" class=\"translation-block\">El sitio <strong data-start=\"413\" data-end=\"427\">kitorm.com<\/strong> es editado por:<br data-start=\"443\" data-end=\"446\"><strong data-start=\"446\" data-end=\"456\">Kitorm<\/strong><br data-start=\"456\" data-end=\"459\">Calle de los Talleres, 30, Planta 7<br data-start=\"648\" data-end=\"651\">28013 Madrid, Espa\u00f1a<br data-start=\"512\" data-end=\"515\">E-mail: <strong data-start=\"524\" data-end=\"546\"><a class=\"decorated-link cursor-pointer\" rel=\"noopener\" data-start=\"526\" data-end=\"544\" target=\"_self\">support@kitorm.com\n<\/a><\/strong><\/p>\n<hr data-start=\"548\" data-end=\"551\" \/>\n<h2 data-start=\"553\" data-end=\"580\"><strong data-start=\"556\" data-end=\"580\">2. Alojamiento del Sitio<\/strong><\/h2>\n<p data-start=\"582\" data-end=\"607\">El sitio est\u00e1 alojado por:<\/p>\n<p data-start=\"609\" data-end=\"765\" class=\"translation-block\"><strong data-start=\"609\" data-end=\"641\">Hostinger International Ltd.<\/strong><br data-start=\"641\" data-end=\"644\">61 Lordou Vironos Street, 6023 Larnaca, Chipre<br data-start=\"690\" data-end=\"693\">Sitio: <a class=\"decorated-link\" href=\"https:\/\/www.hostinger.com\" target=\"_new\" rel=\"noopener\" data-start=\"700\" data-end=\"725\">https:\/\/www.hostinger.com\n<\/a><br data-start=\"725\" data-end=\"728\">Soporte: a trav\u00e9s de su interfaz en l\u00ednea<\/p>\n<hr data-start=\"823\" data-end=\"826\" \/>\n<h2 data-start=\"828\" data-end=\"862\"><strong data-start=\"831\" data-end=\"862\">3. Propiedad Intelectual<\/strong><\/h2>\n<p data-start=\"864\" data-end=\"1079\" class=\"translation-block\">Todo el contenido del sitio kitorm.com (textos, im\u00e1genes, v\u00eddeos, logotipos, dise\u00f1o, maquetaci\u00f3n, productos) est\u00e1 protegido por derechos de autor y sigue siendo propiedad exclusiva de <strong data-start=\"1041\" data-end=\"1051\">Kitorm<\/strong>, salvo indicaci\u00f3n contraria.<\/p>\n<p data-start=\"1081\" data-end=\"1235\">Cualquier reproducci\u00f3n, distribuci\u00f3n, modificaci\u00f3n, extracci\u00f3n o explotaci\u00f3n, incluso parcial, sin autorizaci\u00f3n escrita de Kitorm, est\u00e1 estrictamente prohibida.<\/p>\n<hr data-start=\"1237\" data-end=\"1240\" \/>\n<h2 data-start=\"1242\" data-end=\"1266\"><strong data-start=\"1245\" data-end=\"1266\">4. Responsabilidad<\/strong><\/h2>\n<p data-start=\"1268\" data-end=\"1399\">Kitorm se esfuerza por asegurar la exactitud y la actualizaci\u00f3n de la informaci\u00f3n en su sitio.<br data-start=\"1356\" data-end=\"1359\" \/>Sin embargo, pueden ocurrir errores:<\/p>\n<p data-start=\"1401\" data-end=\"1442\">Kitorm no puede ser considerada responsable de:<\/p>\n<ul data-start=\"1443\" data-end=\"1624\">\n<li data-start=\"1443\" data-end=\"1474\">\n<p data-start=\"1445\" data-end=\"1474\">interrupci\u00f3n del sitio,<\/p>\n<\/li>\n<li data-start=\"1475\" data-end=\"1509\">\n<p data-start=\"1477\" data-end=\"1509\">fallos o errores t\u00e9cnicos,<\/p>\n<\/li>\n<li data-start=\"1510\" data-end=\"1563\">\n<p data-start=\"1512\" data-end=\"1563\">uso inadecuado del sitio por parte del usuario,<\/p>\n<\/li>\n<li data-start=\"1564\" data-end=\"1624\">\n<p data-start=\"1566\" data-end=\"1624\">contenido de sitios terceros accesibles mediante enlaces externos.<\/p>\n<\/li>\n<\/ul>\n<p data-start=\"1626\" data-end=\"1711\">El usuario acepta que el uso del sitio se realiza bajo su \u00fanica responsabilidad.<\/p>\n<hr data-start=\"1713\" data-end=\"1716\" \/>\n<h2 data-start=\"1718\" data-end=\"1748\"><strong data-start=\"1721\" data-end=\"1748\">5. Datos Personales<\/strong><\/h2>\n<p data-start=\"1750\" data-end=\"1932\">La recopilaci\u00f3n y el tratamiento de los datos personales se realizan de conformidad con el RGPD.<br data-start=\"1840\" data-end=\"1843\" \/>Para conocer todos los detalles, consulte la <strong data-start=\"1889\" data-end=\"1921\">Pol\u00edtica de Privacidad<\/strong> de Kitorm.<\/p>\n<p data-start=\"1934\" data-end=\"2067\">Para ejercer sus derechos (acceso, rectificaci\u00f3n, supresi\u00f3n, oposici\u00f3n, portabilidad\u2026), cont\u00e1ctenos en:<br data-start=\"2039\" data-end=\"2042\" \/>\ud83d\udce7 <strong data-start=\"2045\" data-end=\"2067\"><a class=\"decorated-link cursor-pointer\" rel=\"noopener\" data-start=\"2047\" data-end=\"2065\">support@kitorm.com<\/a><\/strong><\/p>\n<hr data-start=\"2069\" data-end=\"2072\" \/>\n<h2 data-start=\"2074\" data-end=\"2091\"><strong data-start=\"2077\" data-end=\"2091\">6. Cookies<\/strong><\/h2>\n<p data-start=\"2093\" data-end=\"2316\" class=\"translation-block\">El sitio utiliza cookies para mejorar la experiencia del usuario, analizar el tr\u00e1fico y personalizar ciertos contenidos.<br data-start=\"2218\" data-end=\"2221\">Puede gestionar sus preferencias mediante el banner de cookies mostrado en su primera visita.<\/p>\n<hr data-start=\"2318\" data-end=\"2321\" \/>\n<h2 data-start=\"2323\" data-end=\"2362\"><strong data-start=\"2326\" data-end=\"2362\">7. Condiciones Generales de Venta<\/strong><\/h2>\n<p data-start=\"2364\" data-end=\"2472\">Les conditions applicables \u00e0 vos achats sont consultables ici :<br data-start=\"2427\" data-end=\"2430\" \/>\ud83d\udc49 <strong data-start=\"2433\" data-end=\"2472\">Conditions G\u00e9n\u00e9rales de Vente (CGV)<\/strong><\/p>\n<hr data-start=\"2474\" data-end=\"2477\" \/>\n<h2 data-start=\"2479\" data-end=\"2496\"><strong data-start=\"2482\" data-end=\"2496\">8. Contacto<\/strong><\/h2>\n<p data-start=\"2498\" data-end=\"2641\">Pour toute question concernant les mentions l\u00e9gales :<br data-start=\"2551\" data-end=\"2554\" \/>\ud83d\udce7 <strong data-start=\"2557\" data-end=\"2579\"><a class=\"decorated-link cursor-pointer\" rel=\"noopener\" data-start=\"2559\" data-end=\"2577\">support@kitorm.com<\/a><\/strong><br data-start=\"2579\" data-end=\"2582\" \/>\ud83d\udccd <strong data-start=\"2585\" data-end=\"2641\">30 Rue des Ateliers, Suite 7000, Lyon, 69003, France<\/strong><\/p>","protected":false},"excerpt":{"rendered":"<p>Kitorm30 Rue des Ateliers, Suite 7000Lyon, 69003, FranceE-mail : support@kitorm.com Les pr\u00e9sentes mentions l\u00e9gales sont \u00e9tablies conform\u00e9ment aux obligations l\u00e9gales applicables aux sites de commerce en ligne en France et dans l\u2019Union europ\u00e9enne. 1. \u00c9diteur du Site Le site kitorm.com est \u00e9dit\u00e9 par :Kitorm30 Rue des Ateliers, Suite 7000Lyon, 69003, FranceE-mail : support@kitorm.com 2. H\u00e9bergeur [&hellip;]<\/p>","protected":false},"author":1,"featured_media":0,"parent":0,"menu_order":0,"comment_status":"closed","ping_status":"closed","template":"","meta":{"iawp_total_views":81,"footnotes":""},"class_list":["post-55983","page","type-page","status-publish","hentry"],"_links":{"self":[{"href":"https:\/\/kitorm.com\/es\/wp-json\/wp\/v2\/pages\/55983","targetHints":{"allow":["GET"]}}],"collection":[{"href":"https:\/\/kitorm.com\/es\/wp-json\/wp\/v2\/pages"}],"about":[{"href":"https:\/\/kitorm.com\/es\/wp-json\/wp\/v2\/types\/page"}],"author":[{"embeddable":true,"href":"https:\/\/kitorm.com\/es\/wp-json\/wp\/v2\/users\/1"}],"replies":[{"embeddable":true,"href":"https:\/\/kitorm.com\/es\/wp-json\/wp\/v2\/comments?post=55983"}],"version-history":[{"count":0,"href":"https:\/\/kitorm.com\/es\/wp-json\/wp\/v2\/pages\/55983\/revisions"}],"wp:attachment":[{"href":"https:\/\/kitorm.com\/es\/wp-json\/wp\/v2\/media?parent=55983"}],"curies":[{"name":"wp","href":"https:\/\/api.w.org\/{rel}","templated":true}]}}