{"id":39555,"date":"2025-03-23T03:15:23","date_gmt":"2025-03-23T03:15:23","guid":{"rendered":"https:\/\/kitorm.com\/orders-tracking\/"},"modified":"2025-11-26T22:56:40","modified_gmt":"2025-11-26T21:56:40","slug":"orders-tracking","status":"publish","type":"page","link":"https:\/\/kitorm.com\/en\/orders-tracking\/","title":{"rendered":"Orders Tracking"},"content":{"rendered":"<div data-elementor-type=\"wp-page\" data-elementor-id=\"39555\" class=\"elementor elementor-39555\" data-elementor-post-type=\"page\">\n\t\t\t\t<div class=\"elementor-element elementor-element-3c5219e3 e-flex e-con-boxed e-con e-parent\" data-id=\"3c5219e3\" data-element_type=\"container\" data-e-type=\"container\">\n\t\t\t\t\t<div class=\"e-con-inner\">\n\t\t\t\t<div class=\"elementor-element elementor-element-0bdb342 elementor-widget elementor-widget-heading\" data-id=\"0bdb342\" data-element_type=\"widget\" data-e-type=\"widget\" data-widget_type=\"heading.default\">\n\t\t\t\t<div class=\"elementor-widget-container\">\n\t\t\t\t\t<h2 class=\"elementor-heading-title elementor-size-default\">Suivez votre commande\n<\/h2>\t\t\t\t<\/div>\n\t\t\t\t<\/div>\n\t\t\t\t<div class=\"elementor-element elementor-element-a2a3100 elementor-widget elementor-widget-text-editor\" data-id=\"a2a3100\" data-element_type=\"widget\" data-e-type=\"widget\" data-widget_type=\"text-editor.default\">\n\t\t\t\t<div class=\"elementor-widget-container\">\n\t\t\t\t\t\t\t\t\t<p dir=\"auto\" class=\"translation-block\">Veuillez noter que le suivi peut ne pas \u00eatre mis \u00e0 jour imm\u00e9diatement apr\u00e8s r\u00e9ception du num\u00e9ro de suivi. En raison du fonctionnement du syst\u00e8me de suivi, il peut s\u2019\u00e9couler jusqu\u2019\u00e0 2 \u00e0 3 jours ouvr\u00e9s avant que les informations de suivi ne s\u2019affichent. Si vous ne voyez toujours pas d\u2019informations sur votre colis apr\u00e8s ce d\u00e9lai, veuillez contacter notre \u00e9quipe d\u2019assistance \u00e0&nbsp;<strong>support@kitorm.com<\/strong>.<\/p>\t\t\t\t\t\t\t\t<\/div>\n\t\t\t\t<\/div>\n\t\t\t\t\t<\/div>\n\t\t\t\t<\/div>\n\t\t<div class=\"elementor-element elementor-element-a130f37 e-flex e-con-boxed e-con e-parent\" data-id=\"a130f37\" data-element_type=\"container\" data-e-type=\"container\">\n\t\t\t\t\t<div class=\"e-con-inner\">\n\t\t\t\t<div class=\"elementor-element elementor-element-8dea677 elementor-widget elementor-widget-html\" data-id=\"8dea677\" data-element_type=\"widget\" data-e-type=\"widget\" data-widget_type=\"html.default\">\n\t\t\t\t<div class=\"elementor-widget-container\">\n\t\t\t\t\t\n<!--Boite de saisie du num\u00e9ro de suivi.-->\n<input type=\"text\" id=\"YQNum\" maxlength=\"50\"\/>\n<!--Le bouton est utilis\u00e9 pour appeler la m\u00e9thode du script.-->\n<input type=\"button\" value=\"TRACK\" onclick=\"doTrack()\"\/>\n<!--Conteneur utilis\u00e9 pour montrer le r\u00e9sultat de suivi.-->\n<div id=\"YQContainer\"><\/div>\n\n<!--Le script peut \u00eatre mis en bas de page. Attendez que cette derni\u00e8re soit charg\u00e9e et ex\u00e9cutez.-->\n<script type=\"text\/javascript\" src=\"\/\/www.17track.net\/externalcall.js\"><\/script>\n<script type=\"text\/javascript\">\nfunction doTrack() {\n    var num = document.getElementById(\"YQNum\").value;\n    if(num===\"\"){\n        alert(\"Enter your number.\"); \n        return;\n    }\n    YQV5.trackSingle({\n        \/\/Requis, sp\u00e9cifiez l'ID du conteneur du contenu de l'h\u00f4te.\n        YQ_ContainerId:\"YQContainer\",\n        \/\/Optionnel, sp\u00e9cifiez la hauteur du r\u00e9sultat du num\u00e9ro de suivi. Hauteur max de 800px, la valeur par d\u00e9faut est 560px.\n        YQ_Height:560,\n        \/\/Optionnel, s\u00e9lectionnez le transporteur, identifi\u00e9 automatiquement par d\u00e9faut.\n        YQ_Fc:\"0\",\n        \/\/Optionnel, sp\u00e9cifiez la langue de l'interface, cette derni\u00e8re est automatiquement d\u00e9tect\u00e9e selon les param\u00e8tres de votre navigateur.\n        YQ_Lang:\"en\",\n        \/\/Requis, sp\u00e9cifiez ce dont le num\u00e9ro a besoin pour \u00eatre suivi.\n        YQ_Num:num\n    });\n}\n<\/script>\t\t\t\t<\/div>\n\t\t\t\t<\/div>\n\t\t\t\t\t<\/div>\n\t\t\t\t<\/div>\n\t\t\t\t<\/div>","protected":false},"excerpt":{"rendered":"<p>Suivez votre commande Veuillez noter que le suivi peut ne pas \u00eatre mis \u00e0 jour imm\u00e9diatement apr\u00e8s r\u00e9ception du num\u00e9ro de suivi. En raison du fonctionnement du syst\u00e8me de suivi, il peut s\u2019\u00e9couler jusqu\u2019\u00e0 2 \u00e0 3 jours ouvr\u00e9s avant que les informations de suivi ne s\u2019affichent. Si vous ne voyez toujours pas d\u2019informations sur [&hellip;]<\/p>","protected":false},"author":1,"featured_media":0,"parent":0,"menu_order":0,"comment_status":"closed","ping_status":"closed","template":"elementor_header_footer","meta":{"iawp_total_views":525,"footnotes":""},"class_list":["post-39555","page","type-page","status-publish","hentry"],"_links":{"self":[{"href":"https:\/\/kitorm.com\/en\/wp-json\/wp\/v2\/pages\/39555","targetHints":{"allow":["GET"]}}],"collection":[{"href":"https:\/\/kitorm.com\/en\/wp-json\/wp\/v2\/pages"}],"about":[{"href":"https:\/\/kitorm.com\/en\/wp-json\/wp\/v2\/types\/page"}],"author":[{"embeddable":true,"href":"https:\/\/kitorm.com\/en\/wp-json\/wp\/v2\/users\/1"}],"replies":[{"embeddable":true,"href":"https:\/\/kitorm.com\/en\/wp-json\/wp\/v2\/comments?post=39555"}],"version-history":[{"count":0,"href":"https:\/\/kitorm.com\/en\/wp-json\/wp\/v2\/pages\/39555\/revisions"}],"wp:attachment":[{"href":"https:\/\/kitorm.com\/en\/wp-json\/wp\/v2\/media?parent=39555"}],"curies":[{"name":"wp","href":"https:\/\/api.w.org\/{rel}","templated":true}]}}