{"id":55983,"date":"2025-11-20T00:36:24","date_gmt":"2025-11-19T23:36:24","guid":{"rendered":"https:\/\/kitorm.com\/?page_id=55983"},"modified":"2025-12-05T12:54:29","modified_gmt":"2025-12-05T11:54:29","slug":"mentions-legales","status":"publish","type":"page","link":"https:\/\/kitorm.com\/de\/mentions-legales\/","title":{"rendered":"Rechtliche Hinweise"},"content":{"rendered":"<p data-start=\"107\" data-end=\"207\" class=\"translation-block\"><strong data-start=\"604\" data-end=\"614\">Kitorm<\/strong><br data-start=\"614\" data-end=\"617\">30 Rue des Ateliers, Suite 7000<br data-start=\"648\" data-end=\"651\">Lyon, 69003, France<br data-start=\"670\" data-end=\"673\">E-mail : <strong data-start=\"682\" data-end=\"704\"><a class=\"decorated-link cursor-pointer\" rel=\"noopener\" data-start=\"684\" data-end=\"702\" target=\"_self\">support@kitorm.com<\/a><\/strong><\/p>\n<p data-start=\"209\" data-end=\"371\">Die vorliegenden rechtlichen Hinweise sind gem\u00e4\u00df den gesetzlichen Verpflichtungen f\u00fcr Online-Handelsseiten in Frankreich und der Europ\u00e4ischen Union erstellt.<\/p>\n<hr data-start=\"373\" data-end=\"376\" \/>\n<h2 data-start=\"378\" data-end=\"403\"><strong data-start=\"381\" data-end=\"403\">1. Herausgeber der Website<\/strong><\/h2>\n<p data-start=\"405\" data-end=\"546\" class=\"translation-block\">Le site <strong data-start=\"413\" data-end=\"427\">kitorm.com<\/strong> est \u00e9dit\u00e9 par :<br data-start=\"443\" data-end=\"446\"><strong data-start=\"446\" data-end=\"456\">Kitorm<\/strong><br data-start=\"456\" data-end=\"459\">30 Rue des Ateliers, Suite 7000<br data-start=\"490\" data-end=\"493\">Lyon, 69003, France<br data-start=\"512\" data-end=\"515\">E-mail : <strong data-start=\"524\" data-end=\"546\"><a class=\"decorated-link cursor-pointer\" rel=\"noopener\" data-start=\"526\" data-end=\"544\" target=\"_self\">support@kitorm.com<\/a><\/strong><\/p>\n<hr data-start=\"548\" data-end=\"551\" \/>\n<h2 data-start=\"553\" data-end=\"580\"><strong data-start=\"556\" data-end=\"580\">2. Hosting der Website<\/strong><\/h2>\n<p data-start=\"582\" data-end=\"607\">Die Website wird gehostet von :<\/p>\n<p data-start=\"609\" data-end=\"765\" class=\"translation-block\"><strong data-start=\"609\" data-end=\"641\">Hostinger International Ltd.<\/strong><br data-start=\"641\" data-end=\"644\">61 Lordou Vironos Street, 6023 Larnaca, Chypre<br data-start=\"690\" data-end=\"693\">Site : <a class=\"decorated-link\" href=\"https:\/\/www.hostinger.com\" target=\"_new\" rel=\"noopener\" data-start=\"700\" data-end=\"725\">https:\/\/www.hostinger.com<\/a><br data-start=\"725\" data-end=\"728\">Support : via leur interface en ligne<\/p>\n<hr data-start=\"823\" data-end=\"826\" \/>\n<h2 data-start=\"828\" data-end=\"862\"><strong data-start=\"831\" data-end=\"862\">3. Geistiges Eigentum<\/strong><\/h2>\n<p data-start=\"864\" data-end=\"1079\" class=\"translation-block\">L\u2019ensemble du contenu du site kitorm.com (textes, visuels, vid\u00e9os, logos, design, mise en page, produits) est prot\u00e9g\u00e9 par le droit d\u2019auteur et demeure la propri\u00e9t\u00e9 exclusive de <strong data-start=\"1041\" data-end=\"1051\">Kitorm<\/strong>, sauf indication contraire.<\/p>\n<p data-start=\"1081\" data-end=\"1235\">Jede Vervielf\u00e4ltigung, Verbreitung, \u00c4nderung, Extraktion oder Nutzung, auch teilweise, ohne schriftliche Genehmigung von Kitorm, ist strengstens untersagt.<\/p>\n<hr data-start=\"1237\" data-end=\"1240\" \/>\n<h2 data-start=\"1242\" data-end=\"1266\"><strong data-start=\"1245\" data-end=\"1266\">4. Verantwortung<\/strong><\/h2>\n<p data-start=\"1268\" data-end=\"1399\">Kitorm bem\u00fcht sich, die Genauigkeit und Aktualit\u00e4t der Informationen auf seiner Website sicherzustellen.<br data-start=\"1356\" data-end=\"1359\" \/>Es k\u00f6nnen jedoch Fehler auftreten.<\/p>\n<p data-start=\"1401\" data-end=\"1442\">Kitorm kann nicht verantwortlich gemacht werden f\u00fcr :<\/p>\n<ul data-start=\"1443\" data-end=\"1624\">\n<li data-start=\"1443\" data-end=\"1474\">\n<p data-start=\"1445\" data-end=\"1474\">eine Unterbrechung der Website,<\/p>\n<\/li>\n<li data-start=\"1475\" data-end=\"1509\">\n<p data-start=\"1477\" data-end=\"1509\">Technische Fehler oder Bugs,<\/p>\n<\/li>\n<li data-start=\"1510\" data-end=\"1563\">\n<p data-start=\"1512\" data-end=\"1563\">eine unangemessene Nutzung der Website durch den Benutzer,<\/p>\n<\/li>\n<li data-start=\"1564\" data-end=\"1624\">\n<p data-start=\"1566\" data-end=\"1624\">den Inhalt von Drittanbieter-Websites, die \u00fcber externe Links zug\u00e4nglich sind.<\/p>\n<\/li>\n<\/ul>\n<p data-start=\"1626\" data-end=\"1711\">Der Benutzer akzeptiert, dass die Nutzung der Website auf eigene Verantwortung erfolgt.<\/p>\n<hr data-start=\"1713\" data-end=\"1716\" \/>\n<h2 data-start=\"1718\" data-end=\"1748\"><strong data-start=\"1721\" data-end=\"1748\">5. Personenbezogene Daten<\/strong><\/h2>\n<p data-start=\"1750\" data-end=\"1932\">Die Erhebung und Verarbeitung personenbezogener Daten erfolgt gem\u00e4\u00df der DSGVO.<br data-start=\"1840\" data-end=\"1843\" \/>F\u00fcr alle Details konsultieren Sie die <strong data-start=\"1889\" data-end=\"1921\">Datenschutzrichtlinie<\/strong> von Kitorm.<\/p>\n<p data-start=\"1934\" data-end=\"2067\">Um Ihre Rechte auszu\u00fcben (Zugriff, Berichtigung, L\u00f6schung, Widerspruch, Daten\u00fcbertragbarkeit\u2026), kontaktieren Sie uns unter :<br data-start=\"2039\" data-end=\"2042\" \/>\ud83d\udce7 <strong data-start=\"2045\" data-end=\"2067\"><a class=\"decorated-link cursor-pointer\" rel=\"noopener\" data-start=\"2047\" data-end=\"2065\">support@kitorm.com<\/a><\/strong><\/p>\n<hr data-start=\"2069\" data-end=\"2072\" \/>\n<h2 data-start=\"2074\" data-end=\"2091\"><strong data-start=\"2077\" data-end=\"2091\">6. Cookies<\/strong><\/h2>\n<p data-start=\"2093\" data-end=\"2316\" class=\"translation-block\">Le site utilise des cookies afin d\u2019am\u00e9liorer l\u2019exp\u00e9rience utilisateur, analyser le trafic et personnaliser certains contenus.<br data-start=\"2218\" data-end=\"2221\">Vous pouvez g\u00e9rer vos pr\u00e9f\u00e9rences via le bandeau cookies affich\u00e9 lors de votre premi\u00e8re visite.<\/p>\n<hr data-start=\"2318\" data-end=\"2321\" \/>\n<h2 data-start=\"2323\" data-end=\"2362\"><strong data-start=\"2326\" data-end=\"2362\">7. Allgemeine Verkaufsbedingungen<\/strong><\/h2>\n<p data-start=\"2364\" data-end=\"2472\">Die f\u00fcr Ihre Eink\u00e4ufe geltenden Bedingungen sind hier einsehbar :<br data-start=\"2427\" data-end=\"2430\" \/>\ud83d\udc49 <strong data-start=\"2433\" data-end=\"2472\">Allgemeine Verkaufsbedingungen (AGB)<\/strong><\/p>\n<hr data-start=\"2474\" data-end=\"2477\" \/>\n<h2 data-start=\"2479\" data-end=\"2496\"><strong data-start=\"2482\" data-end=\"2496\">8. Kontakt<\/strong><\/h2>\n<p data-start=\"2498\" data-end=\"2641\">F\u00fcr Fragen zu den rechtlichen Hinweisen:<br data-start=\"2551\" data-end=\"2554\" \/>\ud83d\udce7 <strong data-start=\"2557\" data-end=\"2579\"><a class=\"decorated-link cursor-pointer\" rel=\"noopener\" data-start=\"2559\" data-end=\"2577\">support@kitorm.com<\/a><\/strong><br data-start=\"2579\" data-end=\"2582\" \/>\ud83d\udccd <strong data-start=\"2585\" data-end=\"2641\">30 Rue des Ateliers, Suite 7000, Lyon, 69003, Frankreich<\/strong><\/p>","protected":false},"excerpt":{"rendered":"<p>Kitorm30 Rue des Ateliers, Suite 7000Lyon, 69003, FranceE-mail : support@kitorm.com Les pr\u00e9sentes mentions l\u00e9gales sont \u00e9tablies conform\u00e9ment aux obligations l\u00e9gales applicables aux sites de commerce en ligne en France et dans l\u2019Union europ\u00e9enne. 1. \u00c9diteur du Site Le site kitorm.com est \u00e9dit\u00e9 par :Kitorm30 Rue des Ateliers, Suite 7000Lyon, 69003, FranceE-mail : support@kitorm.com 2. H\u00e9bergeur [&hellip;]<\/p>","protected":false},"author":1,"featured_media":0,"parent":0,"menu_order":0,"comment_status":"closed","ping_status":"closed","template":"","meta":{"iawp_total_views":81,"footnotes":""},"class_list":["post-55983","page","type-page","status-publish","hentry"],"_links":{"self":[{"href":"https:\/\/kitorm.com\/de\/wp-json\/wp\/v2\/pages\/55983","targetHints":{"allow":["GET"]}}],"collection":[{"href":"https:\/\/kitorm.com\/de\/wp-json\/wp\/v2\/pages"}],"about":[{"href":"https:\/\/kitorm.com\/de\/wp-json\/wp\/v2\/types\/page"}],"author":[{"embeddable":true,"href":"https:\/\/kitorm.com\/de\/wp-json\/wp\/v2\/users\/1"}],"replies":[{"embeddable":true,"href":"https:\/\/kitorm.com\/de\/wp-json\/wp\/v2\/comments?post=55983"}],"version-history":[{"count":0,"href":"https:\/\/kitorm.com\/de\/wp-json\/wp\/v2\/pages\/55983\/revisions"}],"wp:attachment":[{"href":"https:\/\/kitorm.com\/de\/wp-json\/wp\/v2\/media?parent=55983"}],"curies":[{"name":"wp","href":"https:\/\/api.w.org\/{rel}","templated":true}]}}